{"id":101,"date":"2016-02-15T10:41:02","date_gmt":"2016-02-15T09:41:02","guid":{"rendered":"https:\/\/catering.belicious.be\/de\/philosiphie-culinaire\/"},"modified":"2021-06-10T11:30:21","modified_gmt":"2021-06-10T10:30:21","slug":"salles","status":"publish","type":"page","link":"https:\/\/catering.belicious.be\/de\/salles\/","title":{"rendered":"S\u00e4le"},"content":{"rendered":"<h3>Ein unvergessliches Event Nur mit einem au\u00dfergew\u00f6hnlichen Ort<\/h3>\n<p>Hier finden Sie eine Auswahlliste unserer Partners\u00e4le und ihre Hauptcharakteristika.<\/p>\n<p class=\"x_MsoNormal\">Fall Sie Ihr Gl\u00fcck nicht gefunden haben, melden Sie sich einfach bei uns. Wir haben auch noch andere Veranstaltungsorte im Petto.<\/p>\n<p>Nat\u00fcrlich kommen wir auch zu Ihnen.<\/p>\n<p>&nbsp;<\/p>\n<p>&nbsp;<\/p>\n","protected":false},"excerpt":{"rendered":"<p>Ein unvergessliches Event Nur mit einem au\u00dfergew\u00f6hnlichen Ort Hier finden Sie eine Auswahlliste unserer Partners\u00e4le und ihre Hauptcharakteristika. Fall Sie [&hellip;]<\/p>\n","protected":false},"author":2,"featured_media":0,"parent":0,"menu_order":5,"comment_status":"closed","ping_status":"closed","template":"page-gallery.php","meta":{"footnotes":""},"acf":[],"yoast_head":"<!-- This site is optimized with the Yoast SEO plugin v22.6 - https:\/\/yoast.com\/wordpress\/plugins\/seo\/ -->\n<title>Catering-Service in Belgien mit lokalen Produkten - Belicious<\/title>\n<meta name=\"description\" content=\"Unsere kulinarische Philosophie basiert auf frischen und regionalen Produkten. Wir schlagen Zubereitungen mit vielf\u00e4ltigen Einfl\u00fcssen vor, die die Kulturen respektieren.\" \/>\n<meta name=\"robots\" content=\"index, follow, max-snippet:-1, max-image-preview:large, max-video-preview:-1\" \/>\n<link rel=\"canonical\" href=\"https:\/\/catering.belicious.be\/de\/salles\/\" \/>\n<meta property=\"og:locale\" content=\"de_DE\" \/>\n<meta property=\"og:type\" content=\"article\" \/>\n<meta property=\"og:title\" content=\"Catering-Service in Belgien mit lokalen Produkten - Belicious\" \/>\n<meta property=\"og:description\" content=\"Unsere kulinarische Philosophie basiert auf frischen und regionalen Produkten. Wir schlagen Zubereitungen mit vielf\u00e4ltigen Einfl\u00fcssen vor, die die Kulturen respektieren.\" \/>\n<meta property=\"og:url\" content=\"https:\/\/catering.belicious.be\/de\/salles\/\" \/>\n<meta property=\"og:site_name\" content=\"BeLicious\" \/>\n<meta property=\"article:publisher\" content=\"https:\/\/www.facebook.com\/Great-Catering-338873169605030\/\" \/>\n<meta property=\"article:modified_time\" content=\"2021-06-10T10:30:21+00:00\" \/>\n<meta name=\"twitter:card\" content=\"summary_large_image\" \/>\n<script type=\"application\/ld+json\" class=\"yoast-schema-graph\">{\"@context\":\"https:\/\/schema.org\",\"@graph\":[{\"@type\":\"WebPage\",\"@id\":\"https:\/\/catering.belicious.be\/de\/salles\/\",\"url\":\"https:\/\/catering.belicious.be\/de\/salles\/\",\"name\":\"Catering-Service in Belgien mit lokalen Produkten - Belicious\",\"isPartOf\":{\"@id\":\"https:\/\/catering.belicious.be\/#website\"},\"datePublished\":\"2016-02-15T09:41:02+00:00\",\"dateModified\":\"2021-06-10T10:30:21+00:00\",\"description\":\"Unsere kulinarische Philosophie basiert auf frischen und regionalen Produkten. Wir schlagen Zubereitungen mit vielf\u00e4ltigen Einfl\u00fcssen vor, die die Kulturen respektieren.\",\"breadcrumb\":{\"@id\":\"https:\/\/catering.belicious.be\/de\/salles\/#breadcrumb\"},\"inLanguage\":\"de\",\"potentialAction\":[{\"@type\":\"ReadAction\",\"target\":[\"https:\/\/catering.belicious.be\/de\/salles\/\"]}]},{\"@type\":\"BreadcrumbList\",\"@id\":\"https:\/\/catering.belicious.be\/de\/salles\/#breadcrumb\",\"itemListElement\":[{\"@type\":\"ListItem\",\"position\":1,\"name\":\"Accueil\",\"item\":\"https:\/\/catering.belicious.be\/de\/\"},{\"@type\":\"ListItem\",\"position\":2,\"name\":\"S\u00e4le\"}]},{\"@type\":\"WebSite\",\"@id\":\"https:\/\/catering.belicious.be\/#website\",\"url\":\"https:\/\/catering.belicious.be\/\",\"name\":\"BeLicious\",\"description\":\"\",\"potentialAction\":[{\"@type\":\"SearchAction\",\"target\":{\"@type\":\"EntryPoint\",\"urlTemplate\":\"https:\/\/catering.belicious.be\/?s={search_term_string}\"},\"query-input\":\"required name=search_term_string\"}],\"inLanguage\":\"de\"}]}<\/script>\n<!-- \/ Yoast SEO plugin. -->","yoast_head_json":{"title":"Catering-Service in Belgien mit lokalen Produkten - Belicious","description":"Unsere kulinarische Philosophie basiert auf frischen und regionalen Produkten. Wir schlagen Zubereitungen mit vielf\u00e4ltigen Einfl\u00fcssen vor, die die Kulturen respektieren.","robots":{"index":"index","follow":"follow","max-snippet":"max-snippet:-1","max-image-preview":"max-image-preview:large","max-video-preview":"max-video-preview:-1"},"canonical":"https:\/\/catering.belicious.be\/de\/salles\/","og_locale":"de_DE","og_type":"article","og_title":"Catering-Service in Belgien mit lokalen Produkten - Belicious","og_description":"Unsere kulinarische Philosophie basiert auf frischen und regionalen Produkten. Wir schlagen Zubereitungen mit vielf\u00e4ltigen Einfl\u00fcssen vor, die die Kulturen respektieren.","og_url":"https:\/\/catering.belicious.be\/de\/salles\/","og_site_name":"BeLicious","article_publisher":"https:\/\/www.facebook.com\/Great-Catering-338873169605030\/","article_modified_time":"2021-06-10T10:30:21+00:00","twitter_card":"summary_large_image","schema":{"@context":"https:\/\/schema.org","@graph":[{"@type":"WebPage","@id":"https:\/\/catering.belicious.be\/de\/salles\/","url":"https:\/\/catering.belicious.be\/de\/salles\/","name":"Catering-Service in Belgien mit lokalen Produkten - Belicious","isPartOf":{"@id":"https:\/\/catering.belicious.be\/#website"},"datePublished":"2016-02-15T09:41:02+00:00","dateModified":"2021-06-10T10:30:21+00:00","description":"Unsere kulinarische Philosophie basiert auf frischen und regionalen Produkten. Wir schlagen Zubereitungen mit vielf\u00e4ltigen Einfl\u00fcssen vor, die die Kulturen respektieren.","breadcrumb":{"@id":"https:\/\/catering.belicious.be\/de\/salles\/#breadcrumb"},"inLanguage":"de","potentialAction":[{"@type":"ReadAction","target":["https:\/\/catering.belicious.be\/de\/salles\/"]}]},{"@type":"BreadcrumbList","@id":"https:\/\/catering.belicious.be\/de\/salles\/#breadcrumb","itemListElement":[{"@type":"ListItem","position":1,"name":"Accueil","item":"https:\/\/catering.belicious.be\/de\/"},{"@type":"ListItem","position":2,"name":"S\u00e4le"}]},{"@type":"WebSite","@id":"https:\/\/catering.belicious.be\/#website","url":"https:\/\/catering.belicious.be\/","name":"BeLicious","description":"","potentialAction":[{"@type":"SearchAction","target":{"@type":"EntryPoint","urlTemplate":"https:\/\/catering.belicious.be\/?s={search_term_string}"},"query-input":"required name=search_term_string"}],"inLanguage":"de"}]}},"_links":{"self":[{"href":"https:\/\/catering.belicious.be\/de\/wp-json\/wp\/v2\/pages\/101"}],"collection":[{"href":"https:\/\/catering.belicious.be\/de\/wp-json\/wp\/v2\/pages"}],"about":[{"href":"https:\/\/catering.belicious.be\/de\/wp-json\/wp\/v2\/types\/page"}],"author":[{"embeddable":true,"href":"https:\/\/catering.belicious.be\/de\/wp-json\/wp\/v2\/users\/2"}],"replies":[{"embeddable":true,"href":"https:\/\/catering.belicious.be\/de\/wp-json\/wp\/v2\/comments?post=101"}],"version-history":[{"count":0,"href":"https:\/\/catering.belicious.be\/de\/wp-json\/wp\/v2\/pages\/101\/revisions"}],"wp:attachment":[{"href":"https:\/\/catering.belicious.be\/de\/wp-json\/wp\/v2\/media?parent=101"}],"curies":[{"name":"wp","href":"https:\/\/api.w.org\/{rel}","templated":true}]}}