{"id":562,"date":"2016-02-15T10:30:24","date_gmt":"2016-02-15T09:30:24","guid":{"rendered":"https:\/\/catering.belicious.be\/producteurs\/"},"modified":"2023-10-02T08:16:42","modified_gmt":"2023-10-02T07:16:42","slug":"producers","status":"publish","type":"page","link":"https:\/\/catering.belicious.be\/en\/producers\/","title":{"rendered":"Producers"},"content":{"rendered":"<h3><strong>Craftsmen at your service<\/strong><\/h3>\n<p>Craftship and short supply chains are at the heart of our culinary philosophy. In collaboration with our producers, we want to showcase local and seasonal products. To surpirse you at all times, we are constantly looking for new products, carefully prepared by small scale producers.<\/p>\n<p>&nbsp;<\/p>\n","protected":false},"excerpt":{"rendered":"<p>Craftsmen at your service Craftship and short supply chains are at the heart of our culinary philosophy. In collaboration with [&hellip;]<\/p>\n","protected":false},"author":2,"featured_media":0,"parent":0,"menu_order":1,"comment_status":"closed","ping_status":"closed","template":"page-gallery.php","meta":{"footnotes":""},"acf":[],"yoast_head":"<!-- This site is optimized with the Yoast SEO plugin v22.6 - https:\/\/yoast.com\/wordpress\/plugins\/seo\/ -->\n<title>Service traiteur original pour vos \u00e9v\u00e9nements priv\u00e9s - Belicious<\/title>\n<meta name=\"description\" content=\"Gr\u00e2ce \u00e0 notre expertise, d\u00e9finissons ensemble votre solution afin que votre \u00e9v\u00e9nement priv\u00e9 soit inoubliable, pour vous comme pour vos invit\u00e9s.\" \/>\n<meta name=\"robots\" content=\"index, follow, max-snippet:-1, max-image-preview:large, max-video-preview:-1\" \/>\n<link rel=\"canonical\" href=\"https:\/\/catering.belicious.be\/en\/producers\/\" \/>\n<meta property=\"og:locale\" content=\"en_US\" \/>\n<meta property=\"og:type\" content=\"article\" \/>\n<meta property=\"og:title\" content=\"Service traiteur original pour vos \u00e9v\u00e9nements priv\u00e9s - Belicious\" \/>\n<meta property=\"og:description\" content=\"Gr\u00e2ce \u00e0 notre expertise, d\u00e9finissons ensemble votre solution afin que votre \u00e9v\u00e9nement priv\u00e9 soit inoubliable, pour vous comme pour vos invit\u00e9s.\" \/>\n<meta property=\"og:url\" content=\"https:\/\/catering.belicious.be\/en\/producers\/\" \/>\n<meta property=\"og:site_name\" content=\"BeLicious\" \/>\n<meta property=\"article:publisher\" content=\"https:\/\/www.facebook.com\/Great-Catering-338873169605030\/\" \/>\n<meta property=\"article:modified_time\" content=\"2023-10-02T07:16:42+00:00\" \/>\n<meta name=\"twitter:card\" content=\"summary_large_image\" \/>\n<meta name=\"twitter:label1\" content=\"Est. reading time\" \/>\n\t<meta name=\"twitter:data1\" content=\"1 minute\" \/>\n<script type=\"application\/ld+json\" class=\"yoast-schema-graph\">{\"@context\":\"https:\/\/schema.org\",\"@graph\":[{\"@type\":\"WebPage\",\"@id\":\"https:\/\/catering.belicious.be\/en\/producers\/\",\"url\":\"https:\/\/catering.belicious.be\/en\/producers\/\",\"name\":\"Service traiteur original pour vos \u00e9v\u00e9nements priv\u00e9s - Belicious\",\"isPartOf\":{\"@id\":\"https:\/\/catering.belicious.be\/#website\"},\"datePublished\":\"2016-02-15T09:30:24+00:00\",\"dateModified\":\"2023-10-02T07:16:42+00:00\",\"description\":\"Gr\u00e2ce \u00e0 notre expertise, d\u00e9finissons ensemble votre solution afin que votre \u00e9v\u00e9nement priv\u00e9 soit inoubliable, pour vous comme pour vos invit\u00e9s.\",\"breadcrumb\":{\"@id\":\"https:\/\/catering.belicious.be\/en\/producers\/#breadcrumb\"},\"inLanguage\":\"en-US\",\"potentialAction\":[{\"@type\":\"ReadAction\",\"target\":[\"https:\/\/catering.belicious.be\/en\/producers\/\"]}]},{\"@type\":\"BreadcrumbList\",\"@id\":\"https:\/\/catering.belicious.be\/en\/producers\/#breadcrumb\",\"itemListElement\":[{\"@type\":\"ListItem\",\"position\":1,\"name\":\"Accueil\",\"item\":\"https:\/\/catering.belicious.be\/en\/\"},{\"@type\":\"ListItem\",\"position\":2,\"name\":\"Producers\"}]},{\"@type\":\"WebSite\",\"@id\":\"https:\/\/catering.belicious.be\/#website\",\"url\":\"https:\/\/catering.belicious.be\/\",\"name\":\"BeLicious\",\"description\":\"\",\"potentialAction\":[{\"@type\":\"SearchAction\",\"target\":{\"@type\":\"EntryPoint\",\"urlTemplate\":\"https:\/\/catering.belicious.be\/?s={search_term_string}\"},\"query-input\":\"required name=search_term_string\"}],\"inLanguage\":\"en-US\"}]}<\/script>\n<!-- \/ Yoast SEO plugin. -->","yoast_head_json":{"title":"Service traiteur original pour vos \u00e9v\u00e9nements priv\u00e9s - Belicious","description":"Gr\u00e2ce \u00e0 notre expertise, d\u00e9finissons ensemble votre solution afin que votre \u00e9v\u00e9nement priv\u00e9 soit inoubliable, pour vous comme pour vos invit\u00e9s.","robots":{"index":"index","follow":"follow","max-snippet":"max-snippet:-1","max-image-preview":"max-image-preview:large","max-video-preview":"max-video-preview:-1"},"canonical":"https:\/\/catering.belicious.be\/en\/producers\/","og_locale":"en_US","og_type":"article","og_title":"Service traiteur original pour vos \u00e9v\u00e9nements priv\u00e9s - Belicious","og_description":"Gr\u00e2ce \u00e0 notre expertise, d\u00e9finissons ensemble votre solution afin que votre \u00e9v\u00e9nement priv\u00e9 soit inoubliable, pour vous comme pour vos invit\u00e9s.","og_url":"https:\/\/catering.belicious.be\/en\/producers\/","og_site_name":"BeLicious","article_publisher":"https:\/\/www.facebook.com\/Great-Catering-338873169605030\/","article_modified_time":"2023-10-02T07:16:42+00:00","twitter_card":"summary_large_image","twitter_misc":{"Est. reading time":"1 minute"},"schema":{"@context":"https:\/\/schema.org","@graph":[{"@type":"WebPage","@id":"https:\/\/catering.belicious.be\/en\/producers\/","url":"https:\/\/catering.belicious.be\/en\/producers\/","name":"Service traiteur original pour vos \u00e9v\u00e9nements priv\u00e9s - Belicious","isPartOf":{"@id":"https:\/\/catering.belicious.be\/#website"},"datePublished":"2016-02-15T09:30:24+00:00","dateModified":"2023-10-02T07:16:42+00:00","description":"Gr\u00e2ce \u00e0 notre expertise, d\u00e9finissons ensemble votre solution afin que votre \u00e9v\u00e9nement priv\u00e9 soit inoubliable, pour vous comme pour vos invit\u00e9s.","breadcrumb":{"@id":"https:\/\/catering.belicious.be\/en\/producers\/#breadcrumb"},"inLanguage":"en-US","potentialAction":[{"@type":"ReadAction","target":["https:\/\/catering.belicious.be\/en\/producers\/"]}]},{"@type":"BreadcrumbList","@id":"https:\/\/catering.belicious.be\/en\/producers\/#breadcrumb","itemListElement":[{"@type":"ListItem","position":1,"name":"Accueil","item":"https:\/\/catering.belicious.be\/en\/"},{"@type":"ListItem","position":2,"name":"Producers"}]},{"@type":"WebSite","@id":"https:\/\/catering.belicious.be\/#website","url":"https:\/\/catering.belicious.be\/","name":"BeLicious","description":"","potentialAction":[{"@type":"SearchAction","target":{"@type":"EntryPoint","urlTemplate":"https:\/\/catering.belicious.be\/?s={search_term_string}"},"query-input":"required name=search_term_string"}],"inLanguage":"en-US"}]}},"_links":{"self":[{"href":"https:\/\/catering.belicious.be\/en\/wp-json\/wp\/v2\/pages\/562"}],"collection":[{"href":"https:\/\/catering.belicious.be\/en\/wp-json\/wp\/v2\/pages"}],"about":[{"href":"https:\/\/catering.belicious.be\/en\/wp-json\/wp\/v2\/types\/page"}],"author":[{"embeddable":true,"href":"https:\/\/catering.belicious.be\/en\/wp-json\/wp\/v2\/users\/2"}],"replies":[{"embeddable":true,"href":"https:\/\/catering.belicious.be\/en\/wp-json\/wp\/v2\/comments?post=562"}],"version-history":[{"count":2,"href":"https:\/\/catering.belicious.be\/en\/wp-json\/wp\/v2\/pages\/562\/revisions"}],"predecessor-version":[{"id":4286,"href":"https:\/\/catering.belicious.be\/en\/wp-json\/wp\/v2\/pages\/562\/revisions\/4286"}],"wp:attachment":[{"href":"https:\/\/catering.belicious.be\/en\/wp-json\/wp\/v2\/media?parent=562"}],"curies":[{"name":"wp","href":"https:\/\/api.w.org\/{rel}","templated":true}]}}