{"id":69,"date":"2016-02-15T10:30:24","date_gmt":"2016-02-15T09:30:24","guid":{"rendered":"https:\/\/catering.belicious.be\/nl\/evenements-prives\/"},"modified":"2023-10-02T08:17:13","modified_gmt":"2023-10-02T07:17:13","slug":"producenten","status":"publish","type":"page","link":"https:\/\/catering.belicious.be\/nl\/producenten\/","title":{"rendered":"Producenten"},"content":{"rendered":"<h3><strong>Ambachtsmensen tot uw dienst<\/strong><\/h3>\n<p>Ambachten en korte ketten vormen de kern van onze culinaire filosofie. In samenwerking met onze producenten willen we lokale en seizoensproducten presenteren. Om u steeds weer te verrassen, zijn wij constant op zoek naar nieuwe producten, zorgvuldig voorbereid door kleine ambachtelijke bedrijven.<\/p>\n<p>&nbsp;<\/p>\n","protected":false},"excerpt":{"rendered":"<p>Ambachtsmensen tot uw dienst Ambachten en korte ketten vormen de kern van onze culinaire filosofie. In samenwerking met onze producenten [&hellip;]<\/p>\n","protected":false},"author":2,"featured_media":0,"parent":0,"menu_order":1,"comment_status":"closed","ping_status":"closed","template":"page-gallery.php","meta":{"footnotes":""},"acf":[],"yoast_head":"<!-- This site is optimized with the Yoast SEO plugin v22.6 - https:\/\/yoast.com\/wordpress\/plugins\/seo\/ -->\n<title>Service traiteur original pour vos \u00e9v\u00e9nements priv\u00e9s - Belicious<\/title>\n<meta name=\"description\" content=\"Gr\u00e2ce \u00e0 notre expertise, d\u00e9finissons ensemble votre solution afin que votre \u00e9v\u00e9nement priv\u00e9 soit inoubliable, pour vous comme pour vos invit\u00e9s.\" \/>\n<meta name=\"robots\" content=\"index, follow, max-snippet:-1, max-image-preview:large, max-video-preview:-1\" \/>\n<link rel=\"canonical\" href=\"https:\/\/catering.belicious.be\/nl\/producenten\/\" \/>\n<meta property=\"og:locale\" content=\"nl_NL\" \/>\n<meta property=\"og:type\" content=\"article\" \/>\n<meta property=\"og:title\" content=\"Service traiteur original pour vos \u00e9v\u00e9nements priv\u00e9s - Belicious\" \/>\n<meta property=\"og:description\" content=\"Gr\u00e2ce \u00e0 notre expertise, d\u00e9finissons ensemble votre solution afin que votre \u00e9v\u00e9nement priv\u00e9 soit inoubliable, pour vous comme pour vos invit\u00e9s.\" \/>\n<meta property=\"og:url\" content=\"https:\/\/catering.belicious.be\/nl\/producenten\/\" \/>\n<meta property=\"og:site_name\" content=\"BeLicious\" \/>\n<meta property=\"article:publisher\" content=\"https:\/\/www.facebook.com\/Great-Catering-338873169605030\/\" \/>\n<meta property=\"article:modified_time\" content=\"2023-10-02T07:17:13+00:00\" \/>\n<meta name=\"twitter:card\" content=\"summary_large_image\" \/>\n<meta name=\"twitter:label1\" content=\"Geschatte leestijd\" \/>\n\t<meta name=\"twitter:data1\" content=\"1 minuut\" \/>\n<script type=\"application\/ld+json\" class=\"yoast-schema-graph\">{\"@context\":\"https:\/\/schema.org\",\"@graph\":[{\"@type\":\"WebPage\",\"@id\":\"https:\/\/catering.belicious.be\/nl\/producenten\/\",\"url\":\"https:\/\/catering.belicious.be\/nl\/producenten\/\",\"name\":\"Service traiteur original pour vos \u00e9v\u00e9nements priv\u00e9s - Belicious\",\"isPartOf\":{\"@id\":\"https:\/\/catering.belicious.be\/#website\"},\"datePublished\":\"2016-02-15T09:30:24+00:00\",\"dateModified\":\"2023-10-02T07:17:13+00:00\",\"description\":\"Gr\u00e2ce \u00e0 notre expertise, d\u00e9finissons ensemble votre solution afin que votre \u00e9v\u00e9nement priv\u00e9 soit inoubliable, pour vous comme pour vos invit\u00e9s.\",\"breadcrumb\":{\"@id\":\"https:\/\/catering.belicious.be\/nl\/producenten\/#breadcrumb\"},\"inLanguage\":\"nl-NL\",\"potentialAction\":[{\"@type\":\"ReadAction\",\"target\":[\"https:\/\/catering.belicious.be\/nl\/producenten\/\"]}]},{\"@type\":\"BreadcrumbList\",\"@id\":\"https:\/\/catering.belicious.be\/nl\/producenten\/#breadcrumb\",\"itemListElement\":[{\"@type\":\"ListItem\",\"position\":1,\"name\":\"Accueil\",\"item\":\"https:\/\/catering.belicious.be\/nl\/\"},{\"@type\":\"ListItem\",\"position\":2,\"name\":\"Producenten\"}]},{\"@type\":\"WebSite\",\"@id\":\"https:\/\/catering.belicious.be\/#website\",\"url\":\"https:\/\/catering.belicious.be\/\",\"name\":\"BeLicious\",\"description\":\"\",\"potentialAction\":[{\"@type\":\"SearchAction\",\"target\":{\"@type\":\"EntryPoint\",\"urlTemplate\":\"https:\/\/catering.belicious.be\/?s={search_term_string}\"},\"query-input\":\"required name=search_term_string\"}],\"inLanguage\":\"nl-NL\"}]}<\/script>\n<!-- \/ Yoast SEO plugin. -->","yoast_head_json":{"title":"Service traiteur original pour vos \u00e9v\u00e9nements priv\u00e9s - Belicious","description":"Gr\u00e2ce \u00e0 notre expertise, d\u00e9finissons ensemble votre solution afin que votre \u00e9v\u00e9nement priv\u00e9 soit inoubliable, pour vous comme pour vos invit\u00e9s.","robots":{"index":"index","follow":"follow","max-snippet":"max-snippet:-1","max-image-preview":"max-image-preview:large","max-video-preview":"max-video-preview:-1"},"canonical":"https:\/\/catering.belicious.be\/nl\/producenten\/","og_locale":"nl_NL","og_type":"article","og_title":"Service traiteur original pour vos \u00e9v\u00e9nements priv\u00e9s - Belicious","og_description":"Gr\u00e2ce \u00e0 notre expertise, d\u00e9finissons ensemble votre solution afin que votre \u00e9v\u00e9nement priv\u00e9 soit inoubliable, pour vous comme pour vos invit\u00e9s.","og_url":"https:\/\/catering.belicious.be\/nl\/producenten\/","og_site_name":"BeLicious","article_publisher":"https:\/\/www.facebook.com\/Great-Catering-338873169605030\/","article_modified_time":"2023-10-02T07:17:13+00:00","twitter_card":"summary_large_image","twitter_misc":{"Geschatte leestijd":"1 minuut"},"schema":{"@context":"https:\/\/schema.org","@graph":[{"@type":"WebPage","@id":"https:\/\/catering.belicious.be\/nl\/producenten\/","url":"https:\/\/catering.belicious.be\/nl\/producenten\/","name":"Service traiteur original pour vos \u00e9v\u00e9nements priv\u00e9s - Belicious","isPartOf":{"@id":"https:\/\/catering.belicious.be\/#website"},"datePublished":"2016-02-15T09:30:24+00:00","dateModified":"2023-10-02T07:17:13+00:00","description":"Gr\u00e2ce \u00e0 notre expertise, d\u00e9finissons ensemble votre solution afin que votre \u00e9v\u00e9nement priv\u00e9 soit inoubliable, pour vous comme pour vos invit\u00e9s.","breadcrumb":{"@id":"https:\/\/catering.belicious.be\/nl\/producenten\/#breadcrumb"},"inLanguage":"nl-NL","potentialAction":[{"@type":"ReadAction","target":["https:\/\/catering.belicious.be\/nl\/producenten\/"]}]},{"@type":"BreadcrumbList","@id":"https:\/\/catering.belicious.be\/nl\/producenten\/#breadcrumb","itemListElement":[{"@type":"ListItem","position":1,"name":"Accueil","item":"https:\/\/catering.belicious.be\/nl\/"},{"@type":"ListItem","position":2,"name":"Producenten"}]},{"@type":"WebSite","@id":"https:\/\/catering.belicious.be\/#website","url":"https:\/\/catering.belicious.be\/","name":"BeLicious","description":"","potentialAction":[{"@type":"SearchAction","target":{"@type":"EntryPoint","urlTemplate":"https:\/\/catering.belicious.be\/?s={search_term_string}"},"query-input":"required name=search_term_string"}],"inLanguage":"nl-NL"}]}},"_links":{"self":[{"href":"https:\/\/catering.belicious.be\/nl\/wp-json\/wp\/v2\/pages\/69"}],"collection":[{"href":"https:\/\/catering.belicious.be\/nl\/wp-json\/wp\/v2\/pages"}],"about":[{"href":"https:\/\/catering.belicious.be\/nl\/wp-json\/wp\/v2\/types\/page"}],"author":[{"embeddable":true,"href":"https:\/\/catering.belicious.be\/nl\/wp-json\/wp\/v2\/users\/2"}],"replies":[{"embeddable":true,"href":"https:\/\/catering.belicious.be\/nl\/wp-json\/wp\/v2\/comments?post=69"}],"version-history":[{"count":3,"href":"https:\/\/catering.belicious.be\/nl\/wp-json\/wp\/v2\/pages\/69\/revisions"}],"predecessor-version":[{"id":4285,"href":"https:\/\/catering.belicious.be\/nl\/wp-json\/wp\/v2\/pages\/69\/revisions\/4285"}],"wp:attachment":[{"href":"https:\/\/catering.belicious.be\/nl\/wp-json\/wp\/v2\/media?parent=69"}],"curies":[{"name":"wp","href":"https:\/\/api.w.org\/{rel}","templated":true}]}}